{"id":355,"date":"2019-08-21T04:56:26","date_gmt":"2019-08-21T07:56:26","guid":{"rendered":"http:\/\/localhost\/wordpress\/materialis\/"},"modified":"2024-06-25T22:10:57","modified_gmt":"2024-06-26T01:10:57","slug":"index","status":"publish","type":"page","link":"https:\/\/techmutation.com.uy\/academia\/","title":{"rendered":"Academia de choferes"},"content":{"rendered":"<div  id=\"overlappable-8\" style=\"background-color: #f5fafd;\" data-label=\"Overlappable\" data-id=\"overlappable-5-materialis\" data-export-id=\"overlappable-5-materialis\" data-category=\"overlappable\" class=\"overlappable-5-materialis content-section content-section-spacing-large\" data-overlap=\"true\"><div  class=\"\"> <div  data-type=\"row\" class=\"row spaced-cols content-center-sm center-sm\"><div  class=\"col-xs-12 col-sm-6 col-md-4 \"> <div  class=\"card mdc-elevation--z3 row-card\"><div  class=\"row\"> <div  class=\"col-xs-12 col-sm-fit icon-col\" data-fixed=\"true\"><i  class=\"color1 icon mdi mdi-certificate reverse round big\"><\/i><\/div> <div  class=\"col-xs-12 col-sm\" data-type=\"column\"><h4  class=\"color-black\">Profesionalismo en la conducci\u00f3n<\/h4> <p  class=\"\">Nuestros instructores cuentan con varios a\u00f1os de experiencia habiendo instruido a mas de 1000 clientes.<\/p><\/div> <\/div><\/div> <\/div> <div  class=\"col-xs-12 col-sm-6 col-md-4 \"> <div  class=\"card mdc-elevation--z3 row-card\"> <div  class=\"row\"> <div  class=\"col-xs-12 col-sm-fit icon-col\" data-fixed=\"true\"> <i  class=\"color1 icon mdi mdi-account-card-details reverse round big\"><\/i><\/div> <div  class=\"col-xs-12 col-sm\" data-type=\"column\"><h4  class=\"color-black\">Choferes Calificados<\/h4><p  class=\"\">Antes de obtener tu libreta obt\u00e9n los conocimientos necesarios para manejar prudentemente y de forma preventiva.<\/p> <\/div> <\/div><\/div> <\/div> <div  class=\"col-xs-12 col-sm-6 col-md-4 \"> <div  class=\"card mdc-elevation--z3 row-card\"> <div  class=\"row\"> <div  class=\"col-xs-12 col-sm-fit icon-col\" data-fixed=\"true\"> <i  class=\"color1 icon mdi mdi-clock-fast reverse round big\"><\/i><\/div> <div  class=\"col-xs-12 col-sm\" data-type=\"column\"><h4  class=\"color-black\">Tramite sencillo<\/h4><p  class=\"\">Olvidate de los tramites ya que forman parte de nuestro servicio evitandote problemas y\ndemoras, asi te concentras en lo que importa: aprender.<\/p> <\/div> <\/div><\/div> <\/div><\/div> <\/div><\/div><div  id=\"content-24\" style=\"background-color: #f5fafd;\" data-label=\"Content\" data-id=\"content-7-materialis\" data-export-id=\"content-7-materialis\" data-category=\"content\" class=\"content-7m content-section-spacing-large content-section\"><div  class=\"gridContainer\"> <div  class=\"row middle-sm\"><div  class=\"col-md-6 col-xs-12 col-sm-6 col-padding-small-xs\"> <img decoding=\"async\"  data-src=\"https:\/\/academiadechoferes.net\/wp-content\/uploads\/2019\/08\/cropped-alex-chernenko-inqfXtFueYQ-unsplash-scaled-1.jpg\" class=\"mdc-elevation--z13 img-rounded ls-is-cached lazyloaded\" src=\"http:\/\/techmutation.com.uy\/academia\/wp-content\/uploads\/2020\/01\/academia-de-choferes-manos.jpg\"><\/div> <div  class=\"col-md-5 col-md-offset-1 col-xs-12 col-sm-6 content-left-sm col-padding-small-xs\" data-type=\"column\"><h6  class=\"upper\">Nuestra Mision<\/h6> <h3  class=\"space-bottom\">Promotores de educaci\u00f3n vial<\/h3> <p  class=\"space-top\">Nuestra academia de choferes se caracteriza por ser promotores de educaci\u00f3n vial, otorgando una capacitaci\u00f3n optima a nuestros clientes. Brindamos conocimientos para que logren desarrollar habilidades y destrezas, garantizando conductores responsables y de excelencia.<\/p> <\/div> <\/div><\/div> <\/div><div  id=\"content-25\" style=\"background-color: #ffffff;\" data-label=\"Content\" data-id=\"content-8-materialis\" data-export-id=\"content-8-materialis\" data-category=\"content\" class=\"content-8m content-section-spacing-large content-section\"><div  class=\"gridContainer\"> <div  class=\"row middle-sm\"><div  class=\"col-md-5 col-xs-12 col-sm-6 space-bottom-xs\" data-type=\"column\"> <h6  class=\"upper\">Nuestra filosofia<\/h6> <h3  class=\"\"> Academia de choferes a la vanguardia en la educaci\u00f3n vial<\/h3> <p  class=\"space-top\">Ser reconocidos como Profesionales, distingui\u00e9ndonos por nuestro trato confiable y comprometido.<br ><br >Permanecer siempre a la vanguardia en la educaci\u00f3n vial, en el conocimiento de la legislacion vigente e integrando tecnolog\u00eda de punta en nuestros servicios.<\/p>  <\/div> <div  class=\"col-md-6 col-md-offset-1 col-xs-12 col-sm-6\"> <img decoding=\"async\"  data-src=\"https:\/\/academiadechoferes.net\/wp-content\/uploads\/2019\/12\/cropped-cropped-cropped-freestocks-org-RgKmrxpIraY-unsplash.jpg\" class=\"mdc-elevation--z9 rounded ls-is-cached lazyloaded\" src=\"http:\/\/techmutation.com.uy\/academia\/wp-content\/uploads\/2020\/01\/cropped-WhatsApp-Image-2020-01-21-at-7.34.47-PM-1.jpeg\"><\/div> <\/div><\/div> <\/div><div  id=\"portfolio-2\" style=\"background-color: #f5fafd;\" data-label=\"Portfolio\" data-id=\"portfolio-1-materialis\" data-export-id=\"portfolio-1-materialis\" data-category=\"portfolio\" class=\"portfolio-1m content-section\"><div > <div  class=\"row text-center\" data-type=\"row\" data-fixed=\"true\"><div  class=\"col-md-4 col-sm-6 col-xs-12 no-gutter-col\"> <div  class=\"contentswap-effect contentswap-overlay\" data-hover-fx=\"portfolio-1\" style=\"float: none; margin: 0px; width: 100%;\"><div  class=\"initial-image\" style=\"float: none; margin: 0px;\"> <img decoding=\"async\"  data-size=\"600x354\" data-src=\"https:\/\/academiadechoferes.net\/wp-content\/uploads\/2020\/01\/cropped-WhatsApp-Image-2020-01-17-at-10.45.02-AM1-1.jpeg\" class=\"lazyloaded\" src=\"http:\/\/techmutation.com.uy\/academia\/\/wp-content\/uploads\/2021\/06\/cropped-WhatsApp-Image-2020-01-17-at-10.44.58-AM.jpg\"><\/div>  <div  class=\"swap-inner col-xs-12\" style=\"display: block; transition: all 800ms ease 0s; background-color: rgba(0, 0, 0, 0); margin-top: 0px;\"> <div  class=\"row full-height-row middle-xs\"> <div  class=\"col-xs-12 text-center white-text\"> <h4  class=\"font-500\"><\/h4> <a class=\"button color-white mdc-ripple-upgraded\" href=\"#\" target=\"_self\" data-cp-link=\"1\" rel=\"noopener noreferrer\"><\/a><\/div> <\/div><\/div> <\/div><\/div> <div  class=\"col-md-4 col-sm-6 col-xs-12 no-gutter-col\"><div  class=\"contentswap-effect contentswap-overlay\" data-hover-fx=\"portfolio-1\" style=\"float: none; margin: 0px; width: 100%;\"> <div  class=\"initial-image\" style=\"float: none; margin: 0px;\"> <img decoding=\"async\"  data-size=\"600x354\" data-src=\"https:\/\/academiadechoferes.net\/wp-content\/uploads\/2020\/01\/cropped-WhatsApp-Image-2020-01-17-at-10.44.58-AM.jpeg\" class=\"lazyloaded\" src=\"http:\/\/techmutation.com.uy\/academia\/\/wp-content\/uploads\/2021\/06\/cropped-WhatsApp-Image-2020-01-17-at-10.44.58-AM-1.jpg\"><\/div>  <div  class=\"swap-inner col-xs-12\" style=\"display: block; transition: all 800ms ease 0s; background-color: rgba(0, 0, 0, 0); margin-top: 0px;\"> <div  class=\"row full-height-row middle-xs\"> <div  class=\"col-xs-12 text-center white-text\"> <h4  class=\"font-500\"><\/h4> <a class=\"button color-white mdc-ripple-upgraded\" href=\"#\" target=\"_self\" data-cp-link=\"1\" rel=\"noopener noreferrer\"><\/a><\/div> <\/div><\/div> <\/div><\/div> <div  class=\"col-md-4 col-sm-6 col-xs-12 no-gutter-col\"><div  class=\"contentswap-effect contentswap-overlay\" data-hover-fx=\"portfolio-1\" style=\"float: none; margin: 0px; width: 100%;\"> <div  class=\"initial-image\" style=\"float: none; margin: 0px;\"> <img decoding=\"async\"  data-size=\"600x354\" data-src=\"https:\/\/academiadechoferes.net\/wp-content\/uploads\/2020\/01\/cropped-WhatsApp-Image-2020-01-17-at-10.45.01-AM2.jpeg\" class=\"lazyloaded\" src=\"http:\/\/techmutation.com.uy\/academia\/\/wp-content\/uploads\/2021\/06\/cropped-WhatsApp-Image-2020-01-17-at-10.44.58-AM-1.jpg\"><\/div> <div  class=\"swap-inner col-xs-12\" style=\"display: block; transition: all 800ms ease 0s; background-color: rgba(0, 0, 0, 0); margin-top: 0px;\"> <div  class=\"row full-height-row middle-xs\"> <div  class=\"col-xs-12 text-center white-text\"> <h4  class=\"font-500\"><\/h4> <a class=\"button color-white mdc-ripple-upgraded\" href=\"#\" target=\"_self\" data-cp-link=\"1\" rel=\"noopener noreferrer\"><\/a><\/div> <\/div><\/div> <\/div><\/div> <div  class=\"col-md-4 col-sm-6 col-xs-12 no-gutter-col\"><div  class=\"contentswap-effect contentswap-overlay\" data-hover-fx=\"portfolio-1\" style=\"float: none; margin: 0px; width: 100%;\"> <div  class=\"initial-image\" style=\"float: none; margin: 0px;\"> <img decoding=\"async\"  data-size=\"600x354\" data-src=\"https:\/\/academiadechoferes.net\/wp-content\/uploads\/2020\/01\/cropped-WhatsApp-Image-2020-01-17-at-10.45.00-AM.jpeg\" class=\"lazyloaded\" src=\"http:\/\/techmutation.com.uy\/academia\/\/wp-content\/uploads\/2021\/06\/cropped-WhatsApp-Image-2020-01-17-at-10.44.58-AM-1.jpg\"><\/div> <div  class=\"swap-inner col-xs-12\" style=\"display: block; transition: all 800ms ease 0s; background-color: rgba(0, 0, 0, 0); margin-top: 0px;\"> <div  class=\"row full-height-row middle-xs\"> <div  class=\"col-xs-12 text-center white-text\"> <h4  class=\"font-500\"><\/h4> <a class=\"button color-white mdc-ripple-upgraded\" href=\"#\" target=\"_self\" data-cp-link=\"1\" rel=\"noopener noreferrer\"><\/a><\/div> <\/div><\/div> <\/div><\/div> <div  class=\"col-md-4 col-sm-6 col-xs-12 no-gutter-col\"><div  class=\"contentswap-effect contentswap-overlay\" data-hover-fx=\"portfolio-1\" style=\"float: none; margin: 0px; width: 100%;\"> <div  class=\"initial-image\" style=\"float: none; margin: 0px;\"> <img decoding=\"async\"  data-size=\"600x354\" data-src=\"https:\/\/academiadechoferes.net\/wp-content\/uploads\/2019\/12\/1.jpg\" class=\"ls-is-cached lazyloaded\" src=\"http:\/\/techmutation.com.uy\/academia\/\/wp-content\/uploads\/2021\/06\/cropped-WhatsApp-Image-2020-01-17-at-10.44.58-AM-1.jpg\"><\/div>  <div  class=\"swap-inner col-xs-12\" style=\"display: block; transition: all 800ms ease 0s; background-color: rgba(0, 0, 0, 0); margin-top: 0px;\"> <div  class=\"row full-height-row middle-xs\"> <div  class=\"col-xs-12 text-center white-text\"> <h4  class=\"font-500\"><\/h4> <a class=\"button color-white mdc-ripple-upgraded\" href=\"#\" target=\"_self\" data-cp-link=\"1\" rel=\"noopener noreferrer\"><\/a><\/div> <\/div><\/div> <\/div><\/div> <div  class=\"col-md-4 col-sm-6 col-xs-12 no-gutter-col\"><div  class=\"contentswap-effect contentswap-overlay\" data-hover-fx=\"portfolio-1\" style=\"float: none; margin: 0px; width: 100%;\"> <div  class=\"initial-image\" style=\"float: none; margin: 0px;\"> <img decoding=\"async\"  data-size=\"600x354\" data-src=\"https:\/\/academiadechoferes.net\/wp-content\/uploads\/2020\/01\/cropped-WhatsApp-Image-2020-01-17-at-10.45.01-AM.jpeg\" class=\"lazyloaded\" src=\"http:\/\/techmutation.com.uy\/academia\/\/wp-content\/uploads\/2021\/06\/cropped-WhatsApp-Image-2020-01-17-at-10.44.58-AM-1.jpg\"><\/div>  <div  class=\"swap-inner col-xs-12\" style=\"display: block; transition: all 800ms ease 0s; background-color: rgba(0, 0, 0, 0); margin-top: 0px;\"> <div  class=\"row full-height-row middle-xs\"> <div  class=\"col-xs-12 text-center white-text\"> <h4  class=\"font-500\"><\/h4> <a class=\"button color-white mdc-ripple-upgraded\" href=\"#\" target=\"_self\" data-cp-link=\"1\" rel=\"noopener noreferrer\"><\/a><\/div> <\/div><\/div> <\/div><\/div>    <\/div><\/div> <\/div><div  id=\"testimonials-2\" style=\"background-color: rgb(255, 255, 255); background-image: none;\" data-label=\"Testimonials\" data-id=\"testimonials-1-materialis\" data-export-id=\"testimonials-1-materialis\" data-category=\"testimonials\" class=\"testimonials-1m content-section content-section-spacing\"><div  class=\"gridContainer\"> <div  class=\"row space-bottom-small\"><div  data-type=\"column\" class=\"section-title-col\"> <h2  class=\"\">Testimonios<\/h2> <p  class=\"lead\">Aqu\u00ed est\u00e1 lo que nuestros clientes dicen de nosotros:<\/p><\/div> <\/div>\n<div  class=\"row content-center-sm\" data-type=\"row\">\n<div  class=\"col-xs-12 col-sm-4 mdc-elevation--z3 col-md-4\" style=\"padding: 15px; flex-basis: 33%; margin-right: 5px;\">\n<iframe loading=\"lazy\"  style=\"border: none; overflow: hidden;\" scrolling=\"no\" allowtransparency=\"true\" allow=\"encrypted-media\" data-src=\"https:\/\/www.facebook.com\/plugins\/post.php?href=https%3A%2F%2Fwww.facebook.com%2Frosinitaetcheverry%2Fposts%2F10218806830431299&amp;width=100&amp;show_text=true&amp;appId=1592248964167167&amp;height=195\" class=\"lazyloaded\" src=\"data:image\/gif;base64,R0lGODlhAQABAAAAACH5BAEKAAEALAAAAAABAAEAAAICTAEAOw==\" width=\"400\" height=\"195\" frameborder=\"0\"><noscript                      ><iframe loading=\"lazy\"                          style=\"border: none; overflow: hidden;\" scrolling=\"no\" allowtransparency=\"true\" allow=\"encrypted-media\"  width=\"400\" height=\"195\" frameborder=\"0\" data-src=\"https:\/\/www.facebook.com\/plugins\/post.php?href=https%3A%2F%2Fwww.facebook.com%2Frosinitaetcheverry%2Fposts%2F10218806830431299&amp;width=100&amp;show_text=true&amp;appId=1592248964167167&amp;height=195\" class=\"lazyload\" src=\"data:image\/gif;base64,R0lGODlhAQABAAAAACH5BAEKAAEALAAAAAABAAEAAAICTAEAOw==\"><noscript                    ><iframe loading=\"lazy\"                          style=\"border: none; overflow: hidden;\" scrolling=\"no\" allowtransparency=\"true\" allow=\"encrypted-media\"  width=\"400\" height=\"195\" frameborder=\"0\" data-src=\"https:\/\/www.facebook.com\/plugins\/post.php?href=https%3A%2F%2Fwww.facebook.com%2Frosinitaetcheverry%2Fposts%2F10218806830431299&amp;width=100&amp;show_text=true&amp;appId=1592248964167167&amp;height=195\" class=\"lazyload\" src=\"data:image\/gif;base64,R0lGODlhAQABAAAAACH5BAEKAAEALAAAAAABAAEAAAICTAEAOw==\"><noscript                  ><iframe loading=\"lazy\"                         src=\"https:\/\/www.facebook.com\/plugins\/post.php?href=https%3A%2F%2Fwww.facebook.com%2Frosinitaetcheverry%2Fposts%2F10218806830431299&amp;width=100&amp;show_text=true&amp;appId=1592248964167167&amp;height=195\" style=\"border: none; overflow: hidden;\" scrolling=\"no\" allowtransparency=\"true\" allow=\"encrypted-media\" class=\"\" width=\"400\" height=\"195\" frameborder=\"0\"><\/noscript><\/noscript><\/noscript><\/iframe>\n<\/div>\n<div  class=\"col-xs-12 col-sm-4 mdc-elevation--z3 col-md-4\" style=\"padding: 15px; flex-basis: 33%; margin-right: 5px;\">\n<iframe loading=\"lazy\"  style=\"border: none; overflow: hidden;\" scrolling=\"no\" allowtransparency=\"true\" allow=\"encrypted-media\" data-src=\"https:\/\/web.facebook.com\/plugins\/post.php?href=https%3A%2F%2Fwww.facebook.com%2Fmenchsanz%2Fposts%2F10213137929939393&amp;width=100&amp;show_text=true&amp;appId=1592248964167167&amp;height=100&amp;_rdc=1&amp;_rdr\" class=\"lazyloaded\" src=\"data:image\/gif;base64,R0lGODlhAQABAAAAACH5BAEKAAEALAAAAAABAAEAAAICTAEAOw==\" width=\"400\" height=\"250\" frameborder=\"0\"><noscript                      ><iframe loading=\"lazy\"                          style=\"border: none; overflow: hidden;\" scrolling=\"no\" allowtransparency=\"true\" allow=\"encrypted-media\"  width=\"400\" height=\"250\" frameborder=\"0\" data-src=\"https:\/\/web.facebook.com\/plugins\/post.php?href=https%3A%2F%2Fwww.facebook.com%2Fmenchsanz%2Fposts%2F10213137929939393&amp;width=100&amp;show_text=true&amp;appId=1592248964167167&amp;height=100&amp;_rdc=1&amp;_rdr\" class=\"lazyload\" src=\"data:image\/gif;base64,R0lGODlhAQABAAAAACH5BAEKAAEALAAAAAABAAEAAAICTAEAOw==\"><noscript                    ><iframe loading=\"lazy\"                          style=\"border: none; overflow: hidden;\" scrolling=\"no\" allowtransparency=\"true\" allow=\"encrypted-media\"  width=\"400\" height=\"250\" frameborder=\"0\" data-src=\"https:\/\/web.facebook.com\/plugins\/post.php?href=https%3A%2F%2Fwww.facebook.com%2Fmenchsanz%2Fposts%2F10213137929939393&amp;width=100&amp;show_text=true&amp;appId=1592248964167167&amp;height=100&amp;_rdc=1&amp;_rdr\" class=\"lazyload\" src=\"data:image\/gif;base64,R0lGODlhAQABAAAAACH5BAEKAAEALAAAAAABAAEAAAICTAEAOw==\"><noscript                  ><iframe loading=\"lazy\"                         src=\"https:\/\/web.facebook.com\/plugins\/post.php?href=https%3A%2F%2Fwww.facebook.com%2Fmenchsanz%2Fposts%2F10213137929939393&amp;width=100&amp;show_text=true&amp;appId=1592248964167167&amp;height=100&amp;_rdc=1&amp;_rdr\" style=\"border: none; overflow: hidden;\" scrolling=\"no\" allowtransparency=\"true\" allow=\"encrypted-media\" class=\"\" width=\"400\" height=\"250\" frameborder=\"0\"><\/noscript><\/noscript><\/noscript><\/iframe>\n<\/div>\n<div  class=\"col-xs-12 col-sm-4 mdc-elevation--z3 col-md-4\" style=\"padding: 15px; flex-basis: 33%;\">\n<iframe loading=\"lazy\"  style=\"border: none; overflow: hidden;\" scrolling=\"no\" allowtransparency=\"true\" allow=\"encrypted-media\" data-src=\"https:\/\/www.facebook.com\/plugins\/post.php?href=https%3A%2F%2Fwww.facebook.com%2Fximena.olguin.5%2Fposts%2F10221599439202052&amp;width=100\" class=\"lazyloaded\" src=\"data:image\/gif;base64,R0lGODlhAQABAAAAACH5BAEKAAEALAAAAAABAAEAAAICTAEAOw==\" width=\"400\" height=\"195\" frameborder=\"0\"><noscript                      ><iframe loading=\"lazy\"                          style=\"border: none; overflow: hidden;\" scrolling=\"no\" allowtransparency=\"true\" allow=\"encrypted-media\"  width=\"400\" height=\"195\" frameborder=\"0\" data-src=\"https:\/\/www.facebook.com\/plugins\/post.php?href=https%3A%2F%2Fwww.facebook.com%2Fximena.olguin.5%2Fposts%2F10221599439202052&amp;width=100\" class=\"lazyload\" src=\"data:image\/gif;base64,R0lGODlhAQABAAAAACH5BAEKAAEALAAAAAABAAEAAAICTAEAOw==\"><noscript                    ><iframe loading=\"lazy\"                          style=\"border: none; overflow: hidden;\" scrolling=\"no\" allowtransparency=\"true\" allow=\"encrypted-media\"  width=\"400\" height=\"195\" frameborder=\"0\" data-src=\"https:\/\/www.facebook.com\/plugins\/post.php?href=https%3A%2F%2Fwww.facebook.com%2Fximena.olguin.5%2Fposts%2F10221599439202052&amp;width=100\" class=\"lazyload\" src=\"data:image\/gif;base64,R0lGODlhAQABAAAAACH5BAEKAAEALAAAAAABAAEAAAICTAEAOw==\"><noscript                  ><iframe loading=\"lazy\"                         src=\"https:\/\/www.facebook.com\/plugins\/post.php?href=https%3A%2F%2Fwww.facebook.com%2Fximena.olguin.5%2Fposts%2F10221599439202052&amp;width=100\" style=\"border: none; overflow: hidden;\" scrolling=\"no\" allowtransparency=\"true\" allow=\"encrypted-media\" class=\"\" width=\"400\" height=\"195\" frameborder=\"0\"><\/noscript><\/noscript><\/noscript><\/iframe>\n<\/div>\n<\/div>\n<\/div><\/div><div  data-label=\"Team\" data-id=\"features--1\" data-export-id=\"features-16\" data-category=\"features\" class=\"features-16 content-section content-section-spacing-large\" id=\"team\" style=\"background-color: rgb(245, 250, 253); background-image: none;\"><div  class=\"\"> <div  class=\"row text-center\"><div  class=\"section-title-col\" data-type=\"column\"> <h2  class=\"\">Nuestro Equipo\n<\/h2> <p  class=\"lead\">Nuestro equipo de especialistas en conduccion tienen un nivel de preparacion de excelencia, varios a\u00f1os de experiencia, y estudiadas tecnicas de ense\u00f1anza.<\/p><\/div> <\/div> <div  class=\"row spaced-cols start-sm\" data-type=\"row\">   <div  class=\"col-xs-12 col-sm-6 space-bottom col-md-6 \">  <div  data-type=\"column\" style=\"text-align: right;\" class=\"col-padding-small col-padding-small-xs description-container\">   <img decoding=\"async\"  data-src=\"https:\/\/academiadechoferes.net\/wp-content\/uploads\/2019\/12\/cropped-Andres_Lopardo-1-3.jpg\" class=\"custom-image ls-is-cached lazyloaded\" src=\"http:\/\/techmutation.com.uy\/academia\/wp-content\/uploads\/2021\/06\/cropped-directorGenerado.jpg\"><\/div> <\/div><div  class=\"col-xs-12 col-sm-6 space-bottom col-md-6 \">  <div  data-type=\"column\" class=\"col-padding-small col-padding-small-xs description-container\"> <p  class=\"font-300\">Director e Instructor.\n<\/p> <p  class=\"\">Es instructor de manejo hace mas de 20 a\u00f1os lo cual certifica su  idoneidad a la hora de ense\u00f1ar.<br >Est\u00e1 certificado como instructor por C.E.P.A Safe Drive<br >ha realizado varios cursos de manejo defensivo y en primeros auxilios.<br >Trabaj\u00f3 en varias academias de choferes de Montevideo impartiendo clases te\u00f3ricas y pr\u00e1cticas.<\/p><\/div> <\/div><\/div> <\/div><\/div><div  data-label=\"Contact\" data-id=\"contact--1\" data-export-id=\"contact-1\" data-category=\"contact\" class=\"contact-1 content-section content-section-spacing-large content-relative white-text\" data-parallax-depth=\"20\" id=\"contact-1\" style=\"background-color: rgb(245, 250, 253);\"><div  class=\"gridContainer\"> <div  class=\"row text-center\"><div  class=\"section-title-col\" data-type=\"column\"> <h2  class=\"\">Contactanos<\/h2> <p  class=\"lead\">Queremos saber de ti, por eso ponemos a tu disposicion 4 vias de comunicacion. No dudes en comunicarte, para evacuar dudas, saber mas de&nbsp; nuestros servicios, o simplemente seguirnos en nuestras redes sociales<\/p><\/div> <\/div>\n<div  class=\"gridContainer\">\n <div  data-type=\"row\" class=\"row space-bottom-small content-center-sm center-sm\">\n<div  class=\"col-xs-12 col-sm-4 content-on-center\">\n<div  class=\"card mdc-elevation--z3 bg-color4\" data-type=\"column\"><h2  class=\"color-white no-margin-bottom font-400\" data-fixed=\"true\" data-lt-tmp-id=\"lt-860901\" data-gramm=\"false\"><a href=\"tel:(+598)99468421\" target=\"_self\" rel=\"noopener noreferrer\"><i  class=\"mdi social-icon mdi-phone\" style=\"font-size: unset;\"> <\/i>Llamanos<\/a><\/h2> <\/div> <\/div> <div  class=\"col-xs-12 col-sm-4 content-on-center\"> <div  class=\"card mdc-elevation--z3 bg-color-what\" data-type=\"column\"> <h2  class=\"color-white no-margin-bottom font-400\" data-fixed=\"true\"><a href=\"https:\/\/api.whatsapp.com\/send?phone=59899468421%2F\" class=\"\" target=\"_self\" rel=\"noopener noreferrer\"><i  class=\"mdi social-icon mdi-whatsapp\" style=\"font-size: unset;\"> <\/i> WhatsApp<\/a><\/h2> <\/div> <\/div> <div  class=\"col-xs-12 col-sm-4 content-on-center\"> <div  class=\"card mdc-elevation--z3 bg-color-face\" data-type=\"column\"> <h2  class=\"color-white no-margin-bottom font-400\" data-fixed=\"true\" data-lt-tmp-id=\"lt-6446\" data-gramm=\"false\"><a  href=\"https:\/\/www.facebook.com\/CEC-Centro-Educativo-de-Conductores-2003015276669512\" class=\"\"><i  class=\"mdi mdi-facebook social-icon\" style=\"font-size: unset;\"><\/i>Facebook<\/a><\/h2> <\/div> <\/div><\/div> <\/div>\n<div  class=\"row text-center\"> <div  class=\"col-xs-12 col-sm-8 col-sm-offset-2 contact-form-wrapper inline-info\"> <div  class=\"card mdc-elevation--z3 col-padding-top\"> <div  class=\"dark-text\" data-content-shortcode=\"materialis_contact_form shortcode=&quot;contact-form-7 id=&amp;amp;quot;454&amp;amp;quot; title=&amp;amp;quot;Formulario de contacto 1&amp;amp;quot;&quot;\" data-editable=\"true\">\n<div class=\"wpcf7 no-js\" id=\"wpcf7-f454-o1\" lang=\"es-AR\" dir=\"ltr\" data-wpcf7-id=\"454\">\n<div class=\"screen-reader-response\"><p role=\"status\" aria-live=\"polite\" aria-atomic=\"true\"><\/p> <ul><\/ul><\/div>\n<form action=\"\/academia\/wp-json\/wp\/v2\/pages\/355#wpcf7-f454-o1\" method=\"post\" class=\"wpcf7-form init\" aria-label=\"Formulario de contacto\" novalidate=\"novalidate\" data-status=\"init\">\n<div style=\"display: none;\">\n<input type=\"hidden\" name=\"_wpcf7\" value=\"454\" \/>\n<input type=\"hidden\" name=\"_wpcf7_version\" value=\"6.0.6\" \/>\n<input type=\"hidden\" name=\"_wpcf7_locale\" value=\"es_AR\" \/>\n<input type=\"hidden\" name=\"_wpcf7_unit_tag\" value=\"wpcf7-f454-o1\" \/>\n<input type=\"hidden\" name=\"_wpcf7_container_post\" value=\"0\" \/>\n<input type=\"hidden\" name=\"_wpcf7_posted_data_hash\" value=\"\" \/>\n<\/div>\n<p><label> Nombre (obligatorio)<br \/>\n<span class=\"wpcf7-form-control-wrap\" data-name=\"your-name\"><input size=\"40\" maxlength=\"400\" class=\"wpcf7-form-control wpcf7-text wpcf7-validates-as-required\" aria-required=\"true\" aria-invalid=\"false\" value=\"\" type=\"text\" name=\"your-name\" \/><\/span> <\/label>\n<\/p>\n<p><label> Correo electr\u00f3nico (obligatorio)<br \/>\n<span class=\"wpcf7-form-control-wrap\" data-name=\"your-email\"><input size=\"40\" maxlength=\"400\" class=\"wpcf7-form-control wpcf7-email wpcf7-validates-as-required wpcf7-text wpcf7-validates-as-email\" aria-required=\"true\" aria-invalid=\"false\" value=\"\" type=\"email\" name=\"your-email\" \/><\/span> <\/label>\n<\/p>\n<p><label> Telefono (opcional)<br \/>\n<span class=\"wpcf7-form-control-wrap\" data-name=\"your-tel\"><input size=\"40\" maxlength=\"14\" minlength=\"8\" class=\"wpcf7-form-control wpcf7-tel wpcf7-text wpcf7-validates-as-tel\" aria-invalid=\"false\" value=\"\" type=\"tel\" name=\"your-tel\" \/><\/span> <\/label>\n<\/p>\n<p><label> Asunto<br \/>\n<span class=\"wpcf7-form-control-wrap\" data-name=\"your-subject\"><input size=\"40\" maxlength=\"400\" class=\"wpcf7-form-control wpcf7-text\" aria-invalid=\"false\" value=\"\" type=\"text\" name=\"your-subject\" \/><\/span> <\/label>\n<\/p>\n<p><label> Mensaje<br \/>\n<span class=\"wpcf7-form-control-wrap\" data-name=\"your-message\"><textarea cols=\"40\" rows=\"10\" maxlength=\"2000\" class=\"wpcf7-form-control wpcf7-textarea\" aria-invalid=\"false\" name=\"your-message\"><\/textarea><\/span> <\/label>\n<\/p>\n<p><input class=\"wpcf7-form-control wpcf7-submit has-spinner\" type=\"submit\" value=\"Enviar\" \/>\n<\/p><div class=\"wpcf7-response-output\" aria-hidden=\"true\"><\/div>\n<\/form>\n<\/div>\n<\/div><\/div> <\/div><\/div> <\/div><\/div><p ><!-- wp:block {\"ref\":651} \/ --><\/p>","protected":false},"excerpt":{"rendered":"","protected":false},"author":1,"featured_media":0,"parent":0,"menu_order":0,"comment_status":"closed","ping_status":"closed","template":"page-templates\/homepage.php","meta":{"footnotes":""},"class_list":["post-355","page","type-page","status-publish","hentry"],"aioseo_notices":[],"_links":{"self":[{"href":"https:\/\/techmutation.com.uy\/academia\/wp-json\/wp\/v2\/pages\/355","targetHints":{"allow":["GET"]}}],"collection":[{"href":"https:\/\/techmutation.com.uy\/academia\/wp-json\/wp\/v2\/pages"}],"about":[{"href":"https:\/\/techmutation.com.uy\/academia\/wp-json\/wp\/v2\/types\/page"}],"author":[{"embeddable":true,"href":"https:\/\/techmutation.com.uy\/academia\/wp-json\/wp\/v2\/users\/1"}],"replies":[{"embeddable":true,"href":"https:\/\/techmutation.com.uy\/academia\/wp-json\/wp\/v2\/comments?post=355"}],"version-history":[{"count":47,"href":"https:\/\/techmutation.com.uy\/academia\/wp-json\/wp\/v2\/pages\/355\/revisions"}],"predecessor-version":[{"id":826,"href":"https:\/\/techmutation.com.uy\/academia\/wp-json\/wp\/v2\/pages\/355\/revisions\/826"}],"wp:attachment":[{"href":"https:\/\/techmutation.com.uy\/academia\/wp-json\/wp\/v2\/media?parent=355"}],"curies":[{"name":"wp","href":"https:\/\/api.w.org\/{rel}","templated":true}]}}