{"id":441,"date":"2019-12-20T00:33:44","date_gmt":"2019-12-20T03:33:44","guid":{"rendered":"https:\/\/academiadechoferes.net\/?page_id=441"},"modified":"2020-03-28T11:14:13","modified_gmt":"2020-03-28T14:14:13","slug":"academia-precios","status":"publish","type":"page","link":"https:\/\/techmutation.com.uy\/academia\/academia-precios\/","title":{"rendered":"Precios de nuestra academia"},"content":{"rendered":"<div class=\"gridContainer\">\n<div class=\"row space-bottom-small content-center-sm center-sm\" data-type=\"row\">\n<div class=\"col-xs-12 col-sm-4 content-on-center\">\n<div class=\"card mdc-elevation--z3 bg-color-white\" data-type=\"column\">\n<h2>Opci\u00f3n 1<\/h2>\n<h4>Curso b\u00e1sico<\/h4>\n<ul>\n<li>15 Clases practicas.<\/li>\n<li>De 2 a 3 clases semanales<\/li>\n<li>Coche para examen incluido (1era vez)<\/li>\n<\/ul>\n<p>Ideal para personas con conocimientos previos<\/p>\n<h2>$ 10950<\/h2>\n<p>(pago contado efectivo)<\/p>\n<p><\/p>\n<\/div>\n<\/div>\n<div class=\"col-xs-12 col-sm-4 content-on-center\">\n<div class=\"card mdc-elevation--z3 bg-color-white\" data-type=\"column\">\n<h2>Opci\u00f3n 2<\/h2>\n<h4>Curso completo<\/h4>\n<ul>\n<li>25 Clases practicas<\/li>\n<li>1 clase te\u00f3rica<\/li>\n<li>1 clase de mec\u00e1nica ligera<\/li>\n<li>De 3 a 5 clases semanales<\/li>\n<li>Coche para ex\u00e1men incluido (1era vez)<\/li>\n<\/ul>\n<p>Ideal para personas sin conocimientos previos.<\/p>\n<h2>$17450<\/h2>\n<p><\/p>\n<\/div>\n<\/div>\n<div class=\"col-xs-12 col-sm-4 content-on-center\">\n<div class=\"card mdc-elevation--z3 bg-color-white\" data-type=\"column\">\n<h2>Actualizacion<\/h2>\n<p>Requisito: Licencia de conducir vigente<\/p>\n<h4>Clase individual<\/h4>\n<h2>$700<\/h2>\n<h4>Paquete Actualizacion<\/h4>\n<p>5 clases<\/p>\n<h2>$3500<\/h2>\n<p><\/p>\n<\/div>\n<\/div>\n<\/div>\n<div class=\"row space-bottom-small content-center-sm center-sm\" data-type=\"row\">\n<div class=\"col-xs-12 col-sm-4 content-on-center\">\n<div class=\"card mdc-elevation--z3 bg-color-white\" data-type=\"column\">\n<h2>Clase a clase<\/h2>\n<h4>Practica<\/h4>\n<h3>$ 650<\/h3>\n<p><\/p>\n<\/div>\n<\/div>\n<div class=\"col-xs-12 col-sm-4 content-on-center\">\n<div class=\"card mdc-elevation--z3 bg-color-white\" data-type=\"column\">\n<h2>Clase a clase<\/h2>\n<h4>Te\u00f3rica<\/h4>\n<h3>$500<\/h3>\n<p><\/p>\n<\/div>\n<\/div>\n<div class=\"col-xs-12 col-sm-4 content-on-center\">\n<div class=\"card mdc-elevation--z3 bg-color-white\" data-type=\"column\">\n<h2>Presentaci\u00f3n a examen<\/h2>\n<h3>$1200<\/h3>\n<p><\/p>\n<\/div>\n<\/div>\n<\/div>\n<\/div>\n\n\n<p>Para cualquiera de las opciones las clases son de 50 minutos.\n    Se realizan los tramites en IMM y se brinda el material te\u00f3rico necesario.<\/p>\n\n\n\n<p>Financia: <img decoding=\"async\" class=\"wp-image-471\" style=\"width: 70px;\" src=\"http:\/\/techmutation.com.uy\/academia\/wp-content\/uploads\/2019\/12\/Mastercard-logo.png\" alt=\"\"> <img decoding=\"async\" class=\"wp-image-470\" style=\"width: 180px;\" src=\"http:\/\/techmutation.com.uy\/academia\/wp-content\/uploads\/2019\/12\/visa-logo.png\" alt=\"\"><\/p>\n\n\n\n<h3 class=\"wp-block-heading\">Academia<\/h3>\n","protected":false},"excerpt":{"rendered":"<p>Opci\u00f3n 1 Curso b\u00e1sico 15 Clases practicas. De 2 a 3 clases semanales Coche para examen incluido (1era vez) Ideal para personas con conocimientos previos $ 10950 (pago contado efectivo) Opci\u00f3n 2 Curso completo 25 Clases practicas 1 clase te\u00f3rica 1 clase de mec\u00e1nica ligera De 3 a 5 clases semanales Coche para ex\u00e1men incluido&nbsp;&hellip;<\/p>\n","protected":false},"author":1,"featured_media":0,"parent":0,"menu_order":0,"comment_status":"closed","ping_status":"closed","template":"","meta":{"footnotes":""},"class_list":["post-441","page","type-page","status-publish","hentry"],"aioseo_notices":[],"_links":{"self":[{"href":"https:\/\/techmutation.com.uy\/academia\/wp-json\/wp\/v2\/pages\/441","targetHints":{"allow":["GET"]}}],"collection":[{"href":"https:\/\/techmutation.com.uy\/academia\/wp-json\/wp\/v2\/pages"}],"about":[{"href":"https:\/\/techmutation.com.uy\/academia\/wp-json\/wp\/v2\/types\/page"}],"author":[{"embeddable":true,"href":"https:\/\/techmutation.com.uy\/academia\/wp-json\/wp\/v2\/users\/1"}],"replies":[{"embeddable":true,"href":"https:\/\/techmutation.com.uy\/academia\/wp-json\/wp\/v2\/comments?post=441"}],"version-history":[{"count":33,"href":"https:\/\/techmutation.com.uy\/academia\/wp-json\/wp\/v2\/pages\/441\/revisions"}],"predecessor-version":[{"id":775,"href":"https:\/\/techmutation.com.uy\/academia\/wp-json\/wp\/v2\/pages\/441\/revisions\/775"}],"wp:attachment":[{"href":"https:\/\/techmutation.com.uy\/academia\/wp-json\/wp\/v2\/media?parent=441"}],"curies":[{"name":"wp","href":"https:\/\/api.w.org\/{rel}","templated":true}]}}